{"id":8555,"date":"2021-06-16T06:19:59","date_gmt":"2021-06-16T06:19:59","guid":{"rendered":"https:\/\/www.grupo-c.com\/politica-de-privacidad\/"},"modified":"2022-01-26T13:04:27","modified_gmt":"2022-01-26T13:04:27","slug":"politica-de-privacidad","status":"publish","type":"page","link":"https:\/\/www.grupo-c.com\/en\/politica-de-privacidad\/","title":{"rendered":"Privacy Policy"},"content":{"rendered":"<section class=\"l-section wpb_row height_medium\"><div class=\"l-section-h i-cf\"><div class=\"g-cols vc_row type_default valign_top\"><div class=\"vc_col-sm-12 wpb_column vc_column_container\"><div class=\"vc_column-inner\"><div class=\"wpb_wrapper\">[vc_custom_heading text=&#8221;Privacy Policy&#8221; font_container=&#8221;tag:h1|text_align:left&#8221; use_theme_fonts=&#8221;yes&#8221; css=&#8221;%7B%22default%22%3A%7B%22text-transform%22%3A%22uppercase%22%2C%22font-size%22%3A%2250px%22%7D%7D&#8221;]<\/div><\/div><\/div><\/div><\/div><\/section><section class=\"l-section wpb_row height_medium\"><div class=\"l-section-h i-cf\"><div class=\"g-cols vc_row type_default valign_top\"><div class=\"vc_col-sm-12 wpb_column vc_column_container\"><div class=\"vc_column-inner\"><div class=\"wpb_wrapper\"><div class=\"wpb_text_column\" ><div class=\"wpb_wrapper\"><p>In compliance with Regulation (EU) 2016\/679 of the European Parliament and of the Council of 27 April 2016 on the protection of individuals with regard to the processing of personal data, repealing Directive 95\/46\/EC (hereinafter RGPD), with Law 34\/2002, of 11 July, on information society services and electronic commerce (hereinafter, LSSI-CE) and Organic Law 3\/2018, on Personal Data Protection and guarantee of digital rights Grupo Civiero guarantees the protection and confidentiality of personal data of any kind provided by our clients, in accordance with the provisions of the General Personal Data Protection Regulation.<br \/>\nThe Data Protection Policy of Grupo Civiero is based on the principle of proactive responsibility, according to which the Data Controller is responsible for the compliance with the regulatory and jurisprudential framework, being able to prove it before the corresponding control authorities.<br \/>\nThe data provided shall be processed in accordance with the terms established in the RGPD. In this sense, Grupo Civiero has adopted the legally required levels of protection and has installed all the technical measures within its power to prevent the loss, misuse, alteration, unauthorised access by third parties, as described below. However, the user must be aware that Internet security measures are not impregnable.<br \/>\nData controller: Who are we?<br \/>\nName: Grupo Civiero<br \/>\nAddress: Urb. Cerrado del \u00c1guila, avda. Mar\u00eda Civiero N: 2, 29649, Mijas-Costa, M\u00e1laga, Spain<br \/>\nTelephone: 951 170 014<br \/>\nE-mail: grupo-c@grupo-c.com<br \/>\nPurpose of processing: What will we use your data for?<br \/>\nAll data provided by our clients and\/or visitors to the website of Grupo Civiero or its staff shall be included in the register of personal data processing activities, created and maintained under the responsibility of Grupo Civiero, which are essential to provide the services requested by users or to resolve any doubts or questions raised by our visitors. Our policy is not to create profiles on the users of our services.<\/p>\n<p>Legitimacy of the treatment: Why do we need your data?<br \/>\na) Contractual relationship: It is the one that applies when you purchase one of our products or contract one of our services.<br \/>\nb) Legitimate interest: To deal with the queries and complaints that you make to us and to manage the collection of the amounts owed.<br \/>\nc) Your consent: If you are a user of our website, by ticking the box on the contact form, you authorise us to send you the necessary communications to respond to your query or request for information.<br \/>\nRecipients: With whom do we share your data?<br \/>\nWe do not disclose your personal data to anyone, with the exception of those public or private entities to which we are obliged to provide your personal data in order to comply with any law. For example, the Tax Law requires us to provide the Tax Agency with certain information on financial transactions exceeding a certain amount.<br \/>\nIn the event that, apart from the aforementioned cases, we need to disclose your personal information to other entities, we will request your prior permission through clear options that will allow you to decide in this regard.<br \/>\nCommunication: Where may we send your data?<br \/>\nWe will not make international transfers of your personal data for any of the above purposes.<br \/>\nRetention: How long will we keep your data?<br \/>\nWe will only keep your personal data for as long as is necessary to achieve the purposes for which it was collected. When determining the appropriate retention period, we consider the risks involved in the processing, as well as our contractual, legal and regulatory obligations, internal data retention policies and our legitimate business interests as described in this Privacy Notice and Cookie Policy.<br \/>\nIn this sense, Grupo Civiero shall keep the personal data once its relationship with you has ended, duly blocked, during the period of limitation of the actions that may arise from the relationship maintained with the interested party.<br \/>\nOnce blocked, your data shall be inaccessible to Grupo Civiero and shall not be processed except to make them available to the Public Administrations, Judges and Courts, for the attention of possible liabilities arising from the processing, as well as for the exercise and defence of claims before the Spanish Data Protection Agency.<br \/>\nSecurity: How will we protect your data?<br \/>\nWe use all reasonable efforts to maintain the confidentiality of personal information processed on our systems. We maintain strict levels of security to protect the personal data we process against accidental loss and against unauthorised access, processing or disclosure, taking into account the state of technology and the nature and risks to which the data is exposed. However, we cannot be responsible for your use of the data (including your username and password) you use on our website. Our staff follow strict privacy rules and where we employ third parties to provide support services, we require them to abide by the same rules and allow us to audit them for compliance.<br \/>\nYour rights: What rights can you exercise as a data subject?<\/p>\n<p>We inform you that you may exercise the following rights:<br \/>\nRight of access to your personal data, to know which personal data are being processed and the processing operations carried out on them;<br \/>\nThe right to rectify any inaccurate personal data;<br \/>\nRight to erasure of your personal data, where this is possible (e.g. by law);<br \/>\nThe right to restrict the processing of your personal data where the accuracy, lawfulness or necessity of the data processing is in doubt, in which case we may retain the data for the purpose of pursuing or defending claims.<br \/>\nThe right to oppose the processing of your personal data when the legal basis that enables us to process the aforementioned data is our legitimate interest. Grupo Civiero shall stop processing your data unless it has a legitimate interest or it is necessary for the defence of claims.<br \/>\nThe right to the portability of your data, when the legal basis that enables us to process it is the existence of a contractual relationship or your consent.<br \/>\nThe right to revoke the consent granted to Grupo Civiero.<br \/>\nTo exercise your rights, you may do so free of charge and at any time by contacting us at Avda Innovaci\u00f3n, 2, oficina 206, 11591 Guadalcac\u00edn, Jerez de la Fronter enclosing a copy of your ID card.<br \/>\nProtection of rights: Where can you make a complaint?<br \/>\nIf you believe that your rights have been disregarded by our entity, you can make a complaint to the Spanish Data Protection Agency, by any of the following means:<br \/>\nElectronic site: https:\/\/www.aepd.es<br \/>\nPostal mail: Agencia Espa\u00f1ola de Protecci\u00f3n de Datos, C\/ Jorge Juan, 6, 28001, Madrid.<br \/>\nTelephone: 901.100.099 and 912.663.517.<br \/>\nMaking a complaint to the Spanish Data Protection Agency does not entail any cost and you do not need the assistance of a lawyer or solicitor.<br \/>\nUpdates: What changes may there be to this Privacy Policy?<br \/>\nGrupo Civiero reserves the right to modify this policy in order to adapt it to new legislation or jurisprudence that may affect its compliance.<br \/>\nIn order to ensure compliance with the regulations on personal data protection, Grupo Civiero has received consultancy and advisory services from ClickDatos.<\/p>\n<\/div><\/div><\/div><\/div><\/div><\/div><\/div><\/section>\n","protected":false},"excerpt":{"rendered":"[vc_custom_heading text=\"Privacy Policy\" font_container=\"tag:h1|text_align:left\" use_theme_fonts=\"yes\" css=\"%7B%22default%22%3A%7B%22text-transform%22%3A%22uppercase%22%2C%22font-size%22%3A%2250px%22%7D%7D\"]In compliance with Regulation (EU) 2016\/679 of the European Parliament and of the Council of 27 April 2016 on the protection of individuals with regard to the processing of personal data, repealing Directive 95\/46\/EC (hereinafter RGPD), with Law 34\/2002, of 11 July, on information society services and electronic commerce (hereinafter,...","protected":false},"author":1,"featured_media":0,"parent":0,"menu_order":100,"comment_status":"closed","ping_status":"closed","template":"","meta":[],"yoast_head":"<!-- This site is optimized with the Yoast SEO plugin v18.1 - https:\/\/yoast.com\/wordpress\/plugins\/seo\/ -->\n<title>Privacy Policy - Grupo Civiero<\/title>\n<meta name=\"robots\" content=\"index, follow, max-snippet:-1, max-image-preview:large, max-video-preview:-1\" \/>\n<link rel=\"canonical\" href=\"https:\/\/www.grupo-c.com\/en\/politica-de-privacidad\/\" \/>\n<meta property=\"og:locale\" content=\"en_US\" \/>\n<meta property=\"og:type\" content=\"article\" \/>\n<meta property=\"og:title\" content=\"Privacy Policy - Grupo Civiero\" \/>\n<meta property=\"og:url\" content=\"https:\/\/www.grupo-c.com\/en\/politica-de-privacidad\/\" \/>\n<meta property=\"og:site_name\" content=\"Grupo Civiero\" \/>\n<meta property=\"article:modified_time\" content=\"2022-01-26T13:04:27+00:00\" \/>\n<meta name=\"twitter:card\" content=\"summary_large_image\" \/>\n<meta name=\"twitter:label1\" content=\"Est. reading time\" \/>\n\t<meta name=\"twitter:data1\" content=\"6 minutes\" \/>\n<script type=\"application\/ld+json\" class=\"yoast-schema-graph\">{\"@context\":\"https:\/\/schema.org\",\"@graph\":[{\"@type\":\"WebSite\",\"@id\":\"https:\/\/www.grupo-c.com\/#website\",\"url\":\"https:\/\/www.grupo-c.com\/\",\"name\":\"Grupo Civiero\",\"description\":\"\",\"potentialAction\":[{\"@type\":\"SearchAction\",\"target\":{\"@type\":\"EntryPoint\",\"urlTemplate\":\"https:\/\/www.grupo-c.com\/?s={search_term_string}\"},\"query-input\":\"required name=search_term_string\"}],\"inLanguage\":\"en-US\"},{\"@type\":\"WebPage\",\"@id\":\"https:\/\/www.grupo-c.com\/en\/politica-de-privacidad\/#webpage\",\"url\":\"https:\/\/www.grupo-c.com\/en\/politica-de-privacidad\/\",\"name\":\"Privacy Policy - Grupo Civiero\",\"isPartOf\":{\"@id\":\"https:\/\/www.grupo-c.com\/#website\"},\"datePublished\":\"2021-06-16T06:19:59+00:00\",\"dateModified\":\"2022-01-26T13:04:27+00:00\",\"breadcrumb\":{\"@id\":\"https:\/\/www.grupo-c.com\/en\/politica-de-privacidad\/#breadcrumb\"},\"inLanguage\":\"en-US\",\"potentialAction\":[{\"@type\":\"ReadAction\",\"target\":[\"https:\/\/www.grupo-c.com\/en\/politica-de-privacidad\/\"]}]},{\"@type\":\"BreadcrumbList\",\"@id\":\"https:\/\/www.grupo-c.com\/en\/politica-de-privacidad\/#breadcrumb\",\"itemListElement\":[{\"@type\":\"ListItem\",\"position\":1,\"name\":\"Privacy Policy\"}]}]}<\/script>\n<!-- \/ Yoast SEO plugin. -->","yoast_head_json":{"title":"Privacy Policy - Grupo Civiero","robots":{"index":"index","follow":"follow","max-snippet":"max-snippet:-1","max-image-preview":"max-image-preview:large","max-video-preview":"max-video-preview:-1"},"canonical":"https:\/\/www.grupo-c.com\/en\/politica-de-privacidad\/","og_locale":"en_US","og_type":"article","og_title":"Privacy Policy - Grupo Civiero","og_url":"https:\/\/www.grupo-c.com\/en\/politica-de-privacidad\/","og_site_name":"Grupo Civiero","article_modified_time":"2022-01-26T13:04:27+00:00","twitter_card":"summary_large_image","twitter_misc":{"Est. reading time":"6 minutes"},"schema":{"@context":"https:\/\/schema.org","@graph":[{"@type":"WebSite","@id":"https:\/\/www.grupo-c.com\/#website","url":"https:\/\/www.grupo-c.com\/","name":"Grupo Civiero","description":"","potentialAction":[{"@type":"SearchAction","target":{"@type":"EntryPoint","urlTemplate":"https:\/\/www.grupo-c.com\/?s={search_term_string}"},"query-input":"required name=search_term_string"}],"inLanguage":"en-US"},{"@type":"WebPage","@id":"https:\/\/www.grupo-c.com\/en\/politica-de-privacidad\/#webpage","url":"https:\/\/www.grupo-c.com\/en\/politica-de-privacidad\/","name":"Privacy Policy - Grupo Civiero","isPartOf":{"@id":"https:\/\/www.grupo-c.com\/#website"},"datePublished":"2021-06-16T06:19:59+00:00","dateModified":"2022-01-26T13:04:27+00:00","breadcrumb":{"@id":"https:\/\/www.grupo-c.com\/en\/politica-de-privacidad\/#breadcrumb"},"inLanguage":"en-US","potentialAction":[{"@type":"ReadAction","target":["https:\/\/www.grupo-c.com\/en\/politica-de-privacidad\/"]}]},{"@type":"BreadcrumbList","@id":"https:\/\/www.grupo-c.com\/en\/politica-de-privacidad\/#breadcrumb","itemListElement":[{"@type":"ListItem","position":1,"name":"Privacy Policy"}]}]}},"_links":{"self":[{"href":"https:\/\/www.grupo-c.com\/en\/wp-json\/wp\/v2\/pages\/8555"}],"collection":[{"href":"https:\/\/www.grupo-c.com\/en\/wp-json\/wp\/v2\/pages"}],"about":[{"href":"https:\/\/www.grupo-c.com\/en\/wp-json\/wp\/v2\/types\/page"}],"author":[{"embeddable":true,"href":"https:\/\/www.grupo-c.com\/en\/wp-json\/wp\/v2\/users\/1"}],"replies":[{"embeddable":true,"href":"https:\/\/www.grupo-c.com\/en\/wp-json\/wp\/v2\/comments?post=8555"}],"version-history":[{"count":4,"href":"https:\/\/www.grupo-c.com\/en\/wp-json\/wp\/v2\/pages\/8555\/revisions"}],"predecessor-version":[{"id":8621,"href":"https:\/\/www.grupo-c.com\/en\/wp-json\/wp\/v2\/pages\/8555\/revisions\/8621"}],"wp:attachment":[{"href":"https:\/\/www.grupo-c.com\/en\/wp-json\/wp\/v2\/media?parent=8555"}],"curies":[{"name":"wp","href":"https:\/\/api.w.org\/{rel}","templated":true}]}}