{"id":8467,"date":"2021-06-16T06:19:44","date_gmt":"2021-06-16T06:19:44","guid":{"rendered":"https:\/\/www.grupo-c.com\/contacto\/"},"modified":"2022-01-20T13:01:44","modified_gmt":"2022-01-20T13:01:44","slug":"contacto","status":"publish","type":"page","link":"https:\/\/www.grupo-c.com\/en\/contacto\/","title":{"rendered":"Contacto"},"content":{"rendered":"<section class=\"l-section wpb_row us_custom_887a049b height_medium width_full\"><div class=\"l-section-h i-cf\"><div class=\"g-cols vc_row type_default valign_top\"><div class=\"vc_col-sm-12 wpb_column vc_column_container\"><div class=\"vc_column-inner\"><div class=\"wpb_wrapper\"><section class=\"l-section wpb_row us_custom_ea775d7e height_medium\"><div class=\"l-section-h i-cf\"><div class=\"g-cols vc_row type_default valign_middle\"><div class=\"vc_col-sm-12 wpb_column vc_column_container\"><div class=\"vc_column-inner\"><div class=\"wpb_wrapper\"><div class=\"w-hwrapper align_left valign_top\">[vc_custom_heading text=&#8221;GRUPO CIVIERO&#8221; font_container=&#8221;tag:div|text_align:left&#8221; use_theme_fonts=&#8221;yes&#8221; css=&#8221;%7B%22default%22%3A%7B%22color%22%3A%22_content_primary%22%2C%22font-family%22%3A%22Archivo%22%2C%22font-size%22%3A%221.5rem%22%7D%7D&#8221;]<div class=\"w-separator us_custom_7cba548c size_custom has_text_color has_font_size with_line width_30 thick_3 style_solid color_primary align_left\" style=\"height:5px\"><div class=\"w-separator-h\"><\/div><\/div><\/div>[vc_custom_heading text=&#8221;Contact us&#8221; use_theme_fonts=&#8221;yes&#8221;]<div class=\"wpb_text_column us_custom_05fb4cc3\" ><div class=\"wpb_wrapper\"><p>If you have any direct query or questions simply fill out the form bellow and we will get back to you as soon as possible<\/p>\n<\/div><\/div><div role=\"form\" class=\"wpcf7\" id=\"wpcf7-f8526-o1\" lang=\"es-ES\" dir=\"ltr\">\n<div class=\"screen-reader-response\"><p role=\"status\" aria-live=\"polite\" aria-atomic=\"true\"><\/p> <ul><\/ul><\/div>\n<form action=\"\/en\/wp-json\/wp\/v2\/pages\/8467#wpcf7-f8526-o1\" method=\"post\" class=\"wpcf7-form init\" novalidate=\"novalidate\" data-status=\"init\">\n<div style=\"display: none;\">\n<input type=\"hidden\" name=\"_wpcf7\" value=\"8526\" \/>\n<input type=\"hidden\" name=\"_wpcf7_version\" value=\"5.5.4\" \/>\n<input type=\"hidden\" name=\"_wpcf7_locale\" value=\"es_ES\" \/>\n<input type=\"hidden\" name=\"_wpcf7_unit_tag\" value=\"wpcf7-f8526-o1\" \/>\n<input type=\"hidden\" name=\"_wpcf7_container_post\" value=\"0\" \/>\n<input type=\"hidden\" name=\"_wpcf7_posted_data_hash\" value=\"\" \/>\n<input type=\"hidden\" name=\"_wpcf7_recaptcha_response\" value=\"\" \/>\n<\/div>\n<div>\n <span class=\"wpcf7-form-control-wrap your-name\"><input type=\"text\" name=\"your-name\" value=\"\" size=\"40\" class=\"wpcf7-form-control wpcf7-text wpcf7-validates-as-required\" aria-required=\"true\" aria-invalid=\"false\" placeholder=\"Name and Surname *\" \/><\/span>\n<\/div>\n<div class=\"form-row\">\n<div class=\"form-50\">\n  <span class=\"wpcf7-form-control-wrap tel\"><input type=\"tel\" name=\"tel\" value=\"\" size=\"40\" class=\"wpcf7-form-control wpcf7-text wpcf7-tel wpcf7-validates-as-tel\" aria-invalid=\"false\" placeholder=\"Telephone\" \/><\/span>\n <\/div>\n<div class=\"form-50\">\n  <span class=\"wpcf7-form-control-wrap your-email\"><input type=\"email\" name=\"your-email\" value=\"\" size=\"40\" class=\"wpcf7-form-control wpcf7-text wpcf7-email wpcf7-validates-as-required wpcf7-validates-as-email\" aria-required=\"true\" aria-invalid=\"false\" placeholder=\"Email *\" \/><\/span>\n <\/div>\n<\/div>\n<p><span class=\"wpcf7-form-control-wrap your-message\"><textarea name=\"your-message\" cols=\"40\" rows=\"10\" class=\"wpcf7-form-control wpcf7-textarea\" aria-invalid=\"false\" placeholder=\"Let us know what information you need\"><\/textarea><\/span><\/p>\n<div class=\"submit-form\">\n<div class=\"submit-legal\">\n  <span class=\"wpcf7-form-control-wrap legal\"><span class=\"wpcf7-form-control wpcf7-acceptance\"><span class=\"wpcf7-list-item\"><label><input type=\"checkbox\" name=\"legal\" value=\"1\" aria-invalid=\"false\" \/><span class=\"wpcf7-list-item-label\">I have read and accept the <a href=\"\/politica-privacidad\/\" target=\"_blank\" rel=\"noreferrer noopener nofollow\">Privacy Policy<\/a><\/span><\/label><\/span><\/span><\/span><\/div>\n<p> <input type=\"submit\" value=\"Send\" class=\"wpcf7-form-control has-spinner wpcf7-submit\" \/>\n<\/p><\/div>\n<div class=\"wpcf7-response-output\" aria-hidden=\"true\"><\/div><\/form><\/div><\/div><\/div><\/div><\/div><\/div><\/section><section class=\"l-section wpb_row us_custom_0e9ebe8b height_medium width_full\"><div class=\"l-section-h i-cf\"><div class=\"g-cols vc_row type_default valign_top\"><div class=\"vc_col-sm-12 wpb_column vc_column_container\"><div class=\"vc_column-inner us_custom_9c8713ca\"><div class=\"wpb_wrapper\"><div class=\"w-image us_custom_9c8713ca align_center\"><div class=\"w-image-h\"><img width=\"1749\" height=\"360\" src=\"https:\/\/www.grupo-c.com\/wp-content\/uploads\/2021\/06\/background-oficinas-home.jpg\" class=\"attachment-full size-full\" alt=\"\" loading=\"lazy\" srcset=\"https:\/\/www.grupo-c.com\/wp-content\/uploads\/2021\/06\/background-oficinas-home.jpg 1749w, https:\/\/www.grupo-c.com\/wp-content\/uploads\/2021\/06\/background-oficinas-home-300x62.jpg 300w, https:\/\/www.grupo-c.com\/wp-content\/uploads\/2021\/06\/background-oficinas-home-1024x211.jpg 1024w\" sizes=\"(max-width: 1749px) 100vw, 1749px\" \/><\/div><\/div><\/div><\/div><\/div><\/div><\/div><\/section><section class=\"l-section wpb_row us_custom_e73a0c44 height_medium\"><div class=\"l-section-h i-cf\"><div class=\"g-cols vc_row type_default valign_top gap-1rem\"><style>.g-cols.gap-1rem{margin:0 calc(-1.5rem - 1rem)}.gap-1rem > .vc_column_container {padding:1rem}<\/style><div class=\"vc_col-sm-4 wpb_column vc_column_container has-fill infoCard\"><div class=\"vc_column-inner us_custom_5850ef1d\"><div class=\"wpb_wrapper\"><div class=\"w-iconbox us_custom_a7901968 iconpos_top style_default color_primary align_left no_text has_text_color\"><div class=\"w-iconbox-icon\"><i class=\"far fa-home\"><\/i><\/div><div class=\"w-iconbox-meta\"><div class=\"w-iconbox-title\" style=\"font-size:1.2rem;\">Central Offices<\/div><\/div><\/div><div class=\"wpb_text_column us_custom_e6d06776\" ><div class=\"wpb_wrapper\"><p>Urb. Cerrado del \u00c1guila, avda. Mar\u00eda Civiero N: 2,<br \/>\n29649, Mijas-Costa, M\u00e1laga, Espa\u00f1a<\/p>\n<\/div><\/div><\/div><\/div><\/div><div class=\"vc_col-sm-4 wpb_column vc_column_container has-fill\"><div class=\"vc_column-inner us_custom_5850ef1d\"><div class=\"wpb_wrapper\"><div class=\"w-iconbox us_custom_a7901968 iconpos_top style_default color_primary align_left no_text has_text_color\"><div class=\"w-iconbox-icon\"><i class=\"far fa-phone-alt\"><\/i><\/div><div class=\"w-iconbox-meta\"><div class=\"w-iconbox-title\" style=\"font-size:1.2rem;\">Telephones<\/div><\/div><\/div><div class=\"wpb_text_column us_custom_e6d06776\" ><div class=\"wpb_wrapper\"><p><a href=\"tel:+34951170014\" target=\"_blank\" rel=\"noopener\">+34 951 170 014<\/a><br \/>\n<a href=\"tel:+34952813223\" target=\"_blank\" rel=\"noopener\">+34 952 813 223<\/a><br \/>\n<a href=\"tel:+34952826285\" target=\"_blank\" rel=\"noopener\">+34 952 826 285<\/a><\/p>\n<\/div><\/div><\/div><\/div><\/div><div class=\"vc_col-sm-4 wpb_column vc_column_container has-fill\"><div class=\"vc_column-inner us_custom_5850ef1d\"><div class=\"wpb_wrapper\"><div class=\"w-iconbox us_custom_a7901968 iconpos_top style_default color_primary align_left no_text has_text_color\"><div class=\"w-iconbox-icon\"><i class=\"far fa-envelope\"><\/i><\/div><div class=\"w-iconbox-meta\"><div class=\"w-iconbox-title\" style=\"font-size:1.2rem;\">General information emails<\/div><\/div><\/div><div class=\"wpb_text_column us_custom_e6d06776\" ><div class=\"wpb_wrapper\"><p><a href=\"mailto:grupo-c@grupo-c.com\" target=\"_blank\" rel=\"noopener\">grupo-c@grupo-c.com<\/a><\/p>\n<\/div><\/div><\/div><\/div><\/div><\/div><\/div><\/section>\n<\/div><\/div><\/div><\/div><\/div><\/section>\n","protected":false},"excerpt":{"rendered":"[vc_custom_heading text=&#8221;GRUPO CIVIERO&#8221; font_container=&#8221;tag:div|text_align:left&#8221; use_theme_fonts=&#8221;yes&#8221; css=&#8221;%7B%22default%22%3A%7B%22color%22%3A%22_content_primary%22%2C%22font-family%22%3A%22Archivo%22%2C%22font-size%22%3A%221.5rem%22%7D%7D&#8221;][vc_custom_heading text=&#8221;Contact us&#8221; use_theme_fonts=&#8221;yes&#8221;]If you have any direct query or questions simply fill out the form bellow and we will get back to you as soon as possible I have read and accept the Privacy Policy Central OfficesUrb. Cerrado del \u00c1guila, avda. Mar\u00eda Civiero N: 2, 29649, Mijas-Costa, M\u00e1laga, Espa\u00f1a...","protected":false},"author":1,"featured_media":0,"parent":0,"menu_order":3,"comment_status":"closed","ping_status":"closed","template":"","meta":[],"yoast_head":"<!-- This site is optimized with the Yoast SEO plugin v18.1 - https:\/\/yoast.com\/wordpress\/plugins\/seo\/ -->\n<title>Contact us - Grupo Civiero<\/title>\n<meta name=\"description\" content=\"If you have any direct query or questions simply fill out the form bellow and we will get back to you as soon as possible.\" \/>\n<meta name=\"robots\" content=\"index, follow, max-snippet:-1, max-image-preview:large, max-video-preview:-1\" \/>\n<link rel=\"canonical\" href=\"https:\/\/www.grupo-c.com\/en\/contacto\/\" \/>\n<meta property=\"og:locale\" content=\"en_US\" \/>\n<meta property=\"og:type\" content=\"article\" \/>\n<meta property=\"og:title\" content=\"Contact us - Grupo Civiero\" \/>\n<meta property=\"og:description\" content=\"If you have any direct query or questions simply fill out the form bellow and we will get back to you as soon as possible.\" \/>\n<meta property=\"og:url\" content=\"https:\/\/www.grupo-c.com\/en\/contacto\/\" \/>\n<meta property=\"og:site_name\" content=\"Grupo Civiero\" \/>\n<meta property=\"article:modified_time\" content=\"2022-01-20T13:01:44+00:00\" \/>\n<meta name=\"twitter:card\" content=\"summary_large_image\" \/>\n<meta name=\"twitter:label1\" content=\"Est. reading time\" \/>\n\t<meta name=\"twitter:data1\" content=\"1 minute\" \/>\n<script type=\"application\/ld+json\" class=\"yoast-schema-graph\">{\"@context\":\"https:\/\/schema.org\",\"@graph\":[{\"@type\":\"WebSite\",\"@id\":\"https:\/\/www.grupo-c.com\/#website\",\"url\":\"https:\/\/www.grupo-c.com\/\",\"name\":\"Grupo Civiero\",\"description\":\"\",\"potentialAction\":[{\"@type\":\"SearchAction\",\"target\":{\"@type\":\"EntryPoint\",\"urlTemplate\":\"https:\/\/www.grupo-c.com\/?s={search_term_string}\"},\"query-input\":\"required name=search_term_string\"}],\"inLanguage\":\"en-US\"},{\"@type\":\"WebPage\",\"@id\":\"https:\/\/www.grupo-c.com\/en\/contacto\/#webpage\",\"url\":\"https:\/\/www.grupo-c.com\/en\/contacto\/\",\"name\":\"Contact us - Grupo Civiero\",\"isPartOf\":{\"@id\":\"https:\/\/www.grupo-c.com\/#website\"},\"datePublished\":\"2021-06-16T06:19:44+00:00\",\"dateModified\":\"2022-01-20T13:01:44+00:00\",\"description\":\"If you have any direct query or questions simply fill out the form bellow and we will get back to you as soon as possible.\",\"breadcrumb\":{\"@id\":\"https:\/\/www.grupo-c.com\/en\/contacto\/#breadcrumb\"},\"inLanguage\":\"en-US\",\"potentialAction\":[{\"@type\":\"ReadAction\",\"target\":[\"https:\/\/www.grupo-c.com\/en\/contacto\/\"]}]},{\"@type\":\"BreadcrumbList\",\"@id\":\"https:\/\/www.grupo-c.com\/en\/contacto\/#breadcrumb\",\"itemListElement\":[{\"@type\":\"ListItem\",\"position\":1,\"name\":\"Contacto\"}]}]}<\/script>\n<!-- \/ Yoast SEO plugin. -->","yoast_head_json":{"title":"Contact us - Grupo Civiero","description":"If you have any direct query or questions simply fill out the form bellow and we will get back to you as soon as possible.","robots":{"index":"index","follow":"follow","max-snippet":"max-snippet:-1","max-image-preview":"max-image-preview:large","max-video-preview":"max-video-preview:-1"},"canonical":"https:\/\/www.grupo-c.com\/en\/contacto\/","og_locale":"en_US","og_type":"article","og_title":"Contact us - Grupo Civiero","og_description":"If you have any direct query or questions simply fill out the form bellow and we will get back to you as soon as possible.","og_url":"https:\/\/www.grupo-c.com\/en\/contacto\/","og_site_name":"Grupo Civiero","article_modified_time":"2022-01-20T13:01:44+00:00","twitter_card":"summary_large_image","twitter_misc":{"Est. reading time":"1 minute"},"schema":{"@context":"https:\/\/schema.org","@graph":[{"@type":"WebSite","@id":"https:\/\/www.grupo-c.com\/#website","url":"https:\/\/www.grupo-c.com\/","name":"Grupo Civiero","description":"","potentialAction":[{"@type":"SearchAction","target":{"@type":"EntryPoint","urlTemplate":"https:\/\/www.grupo-c.com\/?s={search_term_string}"},"query-input":"required name=search_term_string"}],"inLanguage":"en-US"},{"@type":"WebPage","@id":"https:\/\/www.grupo-c.com\/en\/contacto\/#webpage","url":"https:\/\/www.grupo-c.com\/en\/contacto\/","name":"Contact us - Grupo Civiero","isPartOf":{"@id":"https:\/\/www.grupo-c.com\/#website"},"datePublished":"2021-06-16T06:19:44+00:00","dateModified":"2022-01-20T13:01:44+00:00","description":"If you have any direct query or questions simply fill out the form bellow and we will get back to you as soon as possible.","breadcrumb":{"@id":"https:\/\/www.grupo-c.com\/en\/contacto\/#breadcrumb"},"inLanguage":"en-US","potentialAction":[{"@type":"ReadAction","target":["https:\/\/www.grupo-c.com\/en\/contacto\/"]}]},{"@type":"BreadcrumbList","@id":"https:\/\/www.grupo-c.com\/en\/contacto\/#breadcrumb","itemListElement":[{"@type":"ListItem","position":1,"name":"Contacto"}]}]}},"_links":{"self":[{"href":"https:\/\/www.grupo-c.com\/en\/wp-json\/wp\/v2\/pages\/8467"}],"collection":[{"href":"https:\/\/www.grupo-c.com\/en\/wp-json\/wp\/v2\/pages"}],"about":[{"href":"https:\/\/www.grupo-c.com\/en\/wp-json\/wp\/v2\/types\/page"}],"author":[{"embeddable":true,"href":"https:\/\/www.grupo-c.com\/en\/wp-json\/wp\/v2\/users\/1"}],"replies":[{"embeddable":true,"href":"https:\/\/www.grupo-c.com\/en\/wp-json\/wp\/v2\/comments?post=8467"}],"version-history":[{"count":1,"href":"https:\/\/www.grupo-c.com\/en\/wp-json\/wp\/v2\/pages\/8467\/revisions"}],"predecessor-version":[{"id":8598,"href":"https:\/\/www.grupo-c.com\/en\/wp-json\/wp\/v2\/pages\/8467\/revisions\/8598"}],"wp:attachment":[{"href":"https:\/\/www.grupo-c.com\/en\/wp-json\/wp\/v2\/media?parent=8467"}],"curies":[{"name":"wp","href":"https:\/\/api.w.org\/{rel}","templated":true}]}}